{"id":1195,"date":"2024-09-08T20:41:51","date_gmt":"2024-09-08T18:41:51","guid":{"rendered":"https:\/\/webimagine.at\/?page_id=1195"},"modified":"2025-08-26T19:12:05","modified_gmt":"2025-08-26T17:12:05","slug":"druck-grafikdesign-fuer-kmu-in-oesterreich-webimagine","status":"publish","type":"page","link":"https:\/\/webimagine.at\/en\/druck-grafikdesign-fuer-kmu-in-oesterreich-webimagine\/","title":{"rendered":"Printing, graphic design"},"content":{"rendered":"<div data-elementor-type=\"wp-page\" data-elementor-id=\"1195\" class=\"elementor elementor-1195\" data-elementor-post-type=\"page\">\n\t\t\t\t<div class=\"elementor-element elementor-element-35af562 e-flex e-con-boxed e-con e-parent\" data-id=\"35af562\" data-element_type=\"container\" data-e-type=\"container\">\n\t\t\t\t\t<div class=\"e-con-inner\">\n\t\t\t\t<div class=\"elementor-element elementor-element-74d40c6 animated-fast elementor-invisible elementor-widget elementor-widget-heading\" data-id=\"74d40c6\" data-element_type=\"widget\" data-e-type=\"widget\" data-settings=\"{&quot;_animation&quot;:&quot;fadeInRight&quot;}\" data-widget_type=\"heading.default\">\n\t\t\t\t<div class=\"elementor-widget-container\">\n\t\t\t\t\t<h2 class=\"elementor-heading-title elementor-size-default\">Printing, graphic design<\/h2>\t\t\t\t<\/div>\n\t\t\t\t<\/div>\n\t\t\t\t\t<\/div>\n\t\t\t\t<\/div>\n\t\t<div class=\"elementor-element elementor-element-f4c45d6 e-flex e-con-boxed e-con e-parent\" data-id=\"f4c45d6\" data-element_type=\"container\" data-e-type=\"container\">\n\t\t\t\t\t<div class=\"e-con-inner\">\n\t\t<div class=\"elementor-element elementor-element-f611fb1 e-con-full e-flex e-con e-child\" data-id=\"f611fb1\" data-element_type=\"container\" data-e-type=\"container\">\n\t\t\t\t<\/div>\n\t\t<div class=\"elementor-element elementor-element-15d0e52 e-con-full e-flex e-con e-child\" data-id=\"15d0e52\" data-element_type=\"container\" data-e-type=\"container\">\n\t\t\t\t<div class=\"elementor-element elementor-element-84f2ebd elementor-widget elementor-widget-heading\" data-id=\"84f2ebd\" data-element_type=\"widget\" data-e-type=\"widget\" data-widget_type=\"heading.default\">\n\t\t\t\t<div class=\"elementor-widget-container\">\n\t\t\t\t\t<h2 class=\"elementor-heading-title elementor-size-default\">How can I help you with graphic design?<\/h2>\t\t\t\t<\/div>\n\t\t\t\t<\/div>\n\t\t\t\t<div class=\"elementor-element elementor-element-8747c87 elementor-icon-list--layout-traditional elementor-list-item-link-full_width elementor-widget elementor-widget-icon-list\" data-id=\"8747c87\" data-element_type=\"widget\" data-e-type=\"widget\" data-widget_type=\"icon-list.default\">\n\t\t\t\t<div class=\"elementor-widget-container\">\n\t\t\t\t\t\t\t<ul class=\"elementor-icon-list-items\">\n\t\t\t\t\t\t\t<li class=\"elementor-icon-list-item\">\n\t\t\t\t\t\t\t\t\t\t\t<span class=\"elementor-icon-list-icon\">\n\t\t\t\t\t\t\t<svg aria-hidden=\"true\" class=\"e-font-icon-svg e-fas-check-circle\" viewbox=\"0 0 512 512\" xmlns=\"http:\/\/www.w3.org\/2000\/svg\"><path d=\"M504 256c0 136.967-111.033 248-248 248S8 392.967 8 256 119.033 8 256 8s248 111.033 248 248zM227.314 387.314l184-184c6.248-6.248 6.248-16.379 0-22.627l-22.627-22.627c-6.248-6.249-16.379-6.249-22.628 0L216 308.118l-70.059-70.059c-6.248-6.248-16.379-6.248-22.628 0l-22.627 22.627c-6.248 6.248-6.248 16.379 0 22.627l104 104c6.249 6.249 16.379 6.249 22.628.001z\"><\/path><\/svg>\t\t\t\t\t\t<\/span>\n\t\t\t\t\t\t\t\t\t\t<span class=\"elementor-icon-list-text\">Web design - customised to your needs and goals, whether for a new or existing website<\/span>\n\t\t\t\t\t\t\t\t\t<\/li>\n\t\t\t\t\t\t\t\t<li class=\"elementor-icon-list-item\">\n\t\t\t\t\t\t\t\t\t\t\t<span class=\"elementor-icon-list-icon\">\n\t\t\t\t\t\t\t<svg aria-hidden=\"true\" class=\"e-font-icon-svg e-fas-check-circle\" viewbox=\"0 0 512 512\" xmlns=\"http:\/\/www.w3.org\/2000\/svg\"><path d=\"M504 256c0 136.967-111.033 248-248 248S8 392.967 8 256 119.033 8 256 8s248 111.033 248 248zM227.314 387.314l184-184c6.248-6.248 6.248-16.379 0-22.627l-22.627-22.627c-6.248-6.249-16.379-6.249-22.628 0L216 308.118l-70.059-70.059c-6.248-6.248-16.379-6.248-22.628 0l-22.627 22.627c-6.248 6.248-6.248 16.379 0 22.627l104 104c6.249 6.249 16.379 6.249 22.628.001z\"><\/path><\/svg>\t\t\t\t\t\t<\/span>\n\t\t\t\t\t\t\t\t\t\t<span class=\"elementor-icon-list-text\">Branding - from logo design to complete branding<\/span>\n\t\t\t\t\t\t\t\t\t<\/li>\n\t\t\t\t\t\t\t\t<li class=\"elementor-icon-list-item\">\n\t\t\t\t\t\t\t\t\t\t\t<span class=\"elementor-icon-list-icon\">\n\t\t\t\t\t\t\t<svg aria-hidden=\"true\" class=\"e-font-icon-svg e-fas-check-circle\" viewbox=\"0 0 512 512\" xmlns=\"http:\/\/www.w3.org\/2000\/svg\"><path d=\"M504 256c0 136.967-111.033 248-248 248S8 392.967 8 256 119.033 8 256 8s248 111.033 248 248zM227.314 387.314l184-184c6.248-6.248 6.248-16.379 0-22.627l-22.627-22.627c-6.248-6.249-16.379-6.249-22.628 0L216 308.118l-70.059-70.059c-6.248-6.248-16.379-6.248-22.628 0l-22.627 22.627c-6.248 6.248-6.248 16.379 0 22.627l104 104c6.249 6.249 16.379 6.249 22.628.001z\"><\/path><\/svg>\t\t\t\t\t\t<\/span>\n\t\t\t\t\t\t\t\t\t\t<span class=\"elementor-icon-list-text\">Logo design - Vectorised individual logo design for online-offline use<\/span>\n\t\t\t\t\t\t\t\t\t<\/li>\n\t\t\t\t\t\t\t\t<li class=\"elementor-icon-list-item\">\n\t\t\t\t\t\t\t\t\t\t\t<span class=\"elementor-icon-list-icon\">\n\t\t\t\t\t\t\t<svg aria-hidden=\"true\" class=\"e-font-icon-svg e-fas-check-circle\" viewbox=\"0 0 512 512\" xmlns=\"http:\/\/www.w3.org\/2000\/svg\"><path d=\"M504 256c0 136.967-111.033 248-248 248S8 392.967 8 256 119.033 8 256 8s248 111.033 248 248zM227.314 387.314l184-184c6.248-6.248 6.248-16.379 0-22.627l-22.627-22.627c-6.248-6.249-16.379-6.249-22.628 0L216 308.118l-70.059-70.059c-6.248-6.248-16.379-6.248-22.628 0l-22.627 22.627c-6.248 6.248-6.248 16.379 0 22.627l104 104c6.249 6.249 16.379 6.249 22.628.001z\"><\/path><\/svg>\t\t\t\t\t\t<\/span>\n\t\t\t\t\t\t\t\t\t\t<span class=\"elementor-icon-list-text\">Offline\/print design - customised to your needs and goals<\/span>\n\t\t\t\t\t\t\t\t\t<\/li>\n\t\t\t\t\t\t\t\t<li class=\"elementor-icon-list-item\">\n\t\t\t\t\t\t\t\t\t\t\t<span class=\"elementor-icon-list-icon\">\n\t\t\t\t\t\t\t<svg aria-hidden=\"true\" class=\"e-font-icon-svg e-fas-check-circle\" viewbox=\"0 0 512 512\" xmlns=\"http:\/\/www.w3.org\/2000\/svg\"><path d=\"M504 256c0 136.967-111.033 248-248 248S8 392.967 8 256 119.033 8 256 8s248 111.033 248 248zM227.314 387.314l184-184c6.248-6.248 6.248-16.379 0-22.627l-22.627-22.627c-6.248-6.249-16.379-6.249-22.628 0L216 308.118l-70.059-70.059c-6.248-6.248-16.379-6.248-22.628 0l-22.627 22.627c-6.248 6.248-6.248 16.379 0 22.627l104 104c6.249 6.249 16.379 6.249 22.628.001z\"><\/path><\/svg>\t\t\t\t\t\t<\/span>\n\t\t\t\t\t\t\t\t\t\t<span class=\"elementor-icon-list-text\">Business card design - realisation and design, including printing<\/span>\n\t\t\t\t\t\t\t\t\t<\/li>\n\t\t\t\t\t\t\t\t<li class=\"elementor-icon-list-item\">\n\t\t\t\t\t\t\t\t\t\t\t<span class=\"elementor-icon-list-icon\">\n\t\t\t\t\t\t\t<svg aria-hidden=\"true\" class=\"e-font-icon-svg e-fas-check-circle\" viewbox=\"0 0 512 512\" xmlns=\"http:\/\/www.w3.org\/2000\/svg\"><path d=\"M504 256c0 136.967-111.033 248-248 248S8 392.967 8 256 119.033 8 256 8s248 111.033 248 248zM227.314 387.314l184-184c6.248-6.248 6.248-16.379 0-22.627l-22.627-22.627c-6.248-6.249-16.379-6.249-22.628 0L216 308.118l-70.059-70.059c-6.248-6.248-16.379-6.248-22.628 0l-22.627 22.627c-6.248 6.248-6.248 16.379 0 22.627l104 104c6.249 6.249 16.379 6.249 22.628.001z\"><\/path><\/svg>\t\t\t\t\t\t<\/span>\n\t\t\t\t\t\t\t\t\t\t<span class=\"elementor-icon-list-text\">Social media post\/advertising - Graphic elements 1pc\/month\/package up to!<\/span>\n\t\t\t\t\t\t\t\t\t<\/li>\n\t\t\t\t\t\t\t\t<li class=\"elementor-icon-list-item\">\n\t\t\t\t\t\t\t\t\t\t\t<span class=\"elementor-icon-list-icon\">\n\t\t\t\t\t\t\t<svg aria-hidden=\"true\" class=\"e-font-icon-svg e-fas-check-circle\" viewbox=\"0 0 512 512\" xmlns=\"http:\/\/www.w3.org\/2000\/svg\"><path d=\"M504 256c0 136.967-111.033 248-248 248S8 392.967 8 256 119.033 8 256 8s248 111.033 248 248zM227.314 387.314l184-184c6.248-6.248 6.248-16.379 0-22.627l-22.627-22.627c-6.248-6.249-16.379-6.249-22.628 0L216 308.118l-70.059-70.059c-6.248-6.248-16.379-6.248-22.628 0l-22.627 22.627c-6.248 6.248-6.248 16.379 0 22.627l104 104c6.249 6.249 16.379 6.249 22.628.001z\"><\/path><\/svg>\t\t\t\t\t\t<\/span>\n\t\t\t\t\t\t\t\t\t\t<span class=\"elementor-icon-list-text\">Edit menu - Offline, Online version<\/span>\n\t\t\t\t\t\t\t\t\t<\/li>\n\t\t\t\t\t\t<\/ul>\n\t\t\t\t\t\t<\/div>\n\t\t\t\t<\/div>\n\t\t\t\t<\/div>\n\t\t\t\t\t<\/div>\n\t\t\t\t<\/div>\n\t\t\t\t<\/div>","protected":false},"excerpt":{"rendered":"<p>Druck, Grafikdesign Wie kann ich Ihnen beim Grafikdesign helfen? Webdesign &#8211; Ma\u00dfgeschneidert auf Ihre Bed\u00fcrfnisse und Ziele, ob f\u00fcr eine neue oder bestehende Website Branding &#8211; Vom Logodesign bis zum vollst\u00e4ndigen Branding Logodesign &#8211; Vektorisiertes individuelles Logodesign f\u00fcr Online-Offline-Nutzung Offline-\/Print-Design &#8211; auf Ihre Bed\u00fcrfnisse und Ziele zugeschnitten Visitenkartendesign &#8211; Ausf\u00fchrung und Gestaltung, einschlie\u00dflich Druck Social [&hellip;]<\/p>\n","protected":false},"author":1,"featured_media":0,"parent":0,"menu_order":0,"comment_status":"closed","ping_status":"closed","template":"","meta":{"_surecart_dashboard_logo_width":"180px","_surecart_dashboard_show_logo":true,"_surecart_dashboard_navigation_orders":true,"_surecart_dashboard_navigation_invoices":true,"_surecart_dashboard_navigation_subscriptions":true,"_surecart_dashboard_navigation_downloads":true,"_surecart_dashboard_navigation_billing":true,"_surecart_dashboard_navigation_account":true,"site-sidebar-layout":"no-sidebar","site-content-layout":"page-builder","ast-site-content-layout":"full-width-container","site-content-style":"unboxed","site-sidebar-style":"unboxed","ast-global-header-display":"","ast-banner-title-visibility":"","ast-main-header-display":"","ast-hfb-above-header-display":"","ast-hfb-below-header-display":"","ast-hfb-mobile-header-display":"","site-post-title":"disabled","ast-breadcrumbs-content":"","ast-featured-img":"disabled","footer-sml-layout":"","ast-disable-related-posts":"","theme-transparent-header-meta":"default","adv-header-id-meta":"","stick-header-meta":"","header-above-stick-meta":"","header-main-stick-meta":"","header-below-stick-meta":"","astra-migrate-meta-layouts":"set","ast-page-background-enabled":"default","ast-page-background-meta":{"desktop":{"background-color":"","background-image":"","background-repeat":"repeat","background-position":"center center","background-size":"auto","background-attachment":"scroll","background-type":"","background-media":"","overlay-type":"","overlay-color":"","overlay-opacity":"","overlay-gradient":""},"tablet":{"background-color":"","background-image":"","background-repeat":"repeat","background-position":"center center","background-size":"auto","background-attachment":"scroll","background-type":"","background-media":"","overlay-type":"","overlay-color":"","overlay-opacity":"","overlay-gradient":""},"mobile":{"background-color":"","background-image":"","background-repeat":"repeat","background-position":"center center","background-size":"auto","background-attachment":"scroll","background-type":"","background-media":"","overlay-type":"","overlay-color":"","overlay-opacity":"","overlay-gradient":""}},"ast-content-background-meta":{"desktop":{"background-color":"var(--ast-global-color-5)","background-image":"","background-repeat":"repeat","background-position":"center center","background-size":"auto","background-attachment":"scroll","background-type":"","background-media":"","overlay-type":"","overlay-color":"","overlay-opacity":"","overlay-gradient":""},"tablet":{"background-color":"var(--ast-global-color-5)","background-image":"","background-repeat":"repeat","background-position":"center center","background-size":"auto","background-attachment":"scroll","background-type":"","background-media":"","overlay-type":"","overlay-color":"","overlay-opacity":"","overlay-gradient":""},"mobile":{"background-color":"var(--ast-global-color-5)","background-image":"","background-repeat":"repeat","background-position":"center center","background-size":"auto","background-attachment":"scroll","background-type":"","background-media":"","overlay-type":"","overlay-color":"","overlay-opacity":"","overlay-gradient":""}},"footnotes":""},"class_list":["post-1195","page","type-page","status-publish","hentry"],"yoast_head":"<!-- This site is optimized with the Yoast SEO plugin v26.8 - https:\/\/yoast.com\/product\/yoast-seo-wordpress\/ -->\n<title>Druck, Grafikdesign &#187; Webimagine<\/title>\n<meta name=\"description\" content=\"Flyer, Visitenkarten, Brosch\u00fcren &amp; Plakate \u2013 Konzept, Layout und druckfertige Daten. Klare Designs in Ihrem Branding. Schnelle Umsetzung &amp; faire Preise.\" \/>\n<meta name=\"robots\" content=\"index, follow, max-snippet:-1, max-image-preview:large, max-video-preview:-1\" \/>\n<link rel=\"canonical\" href=\"https:\/\/webimagine.at\/en\/druck-grafikdesign-fuer-kmu-in-oesterreich-webimagine\/\" \/>\n<meta property=\"og:locale\" content=\"en_GB\" \/>\n<meta property=\"og:type\" content=\"article\" \/>\n<meta property=\"og:title\" content=\"Druck, Grafikdesign &#187; Webimagine\" \/>\n<meta property=\"og:description\" content=\"Flyer, Visitenkarten, Brosch\u00fcren &amp; Plakate \u2013 Konzept, Layout und druckfertige Daten. Klare Designs in Ihrem Branding. Schnelle Umsetzung &amp; faire Preise.\" \/>\n<meta property=\"og:url\" content=\"https:\/\/webimagine.at\/en\/druck-grafikdesign-fuer-kmu-in-oesterreich-webimagine\/\" \/>\n<meta property=\"og:site_name\" content=\"Webimagine\" \/>\n<meta property=\"article:modified_time\" content=\"2025-08-26T17:12:05+00:00\" \/>\n<meta property=\"og:image\" content=\"https:\/\/webimagine.at\/wp-content\/uploads\/2024\/08\/Untitled-design-6.png\" \/>\n\t<meta property=\"og:image:width\" content=\"800\" \/>\n\t<meta property=\"og:image:height\" content=\"600\" \/>\n\t<meta property=\"og:image:type\" content=\"image\/png\" \/>\n<meta name=\"twitter:card\" content=\"summary_large_image\" \/>\n<meta name=\"twitter:label1\" content=\"Estimated reading time\" \/>\n\t<meta name=\"twitter:data1\" content=\"1 minute\" \/>\n<script type=\"application\/ld+json\" class=\"yoast-schema-graph\">{\"@context\":\"https:\/\/schema.org\",\"@graph\":[{\"@type\":\"WebPage\",\"@id\":\"https:\/\/webimagine.at\/druck-grafikdesign-fuer-kmu-in-oesterreich-webimagine\/\",\"url\":\"https:\/\/webimagine.at\/druck-grafikdesign-fuer-kmu-in-oesterreich-webimagine\/\",\"name\":\"Druck, Grafikdesign &#187; Webimagine\",\"isPartOf\":{\"@id\":\"https:\/\/webimagine.at\/#website\"},\"datePublished\":\"2024-09-08T18:41:51+00:00\",\"dateModified\":\"2025-08-26T17:12:05+00:00\",\"description\":\"Flyer, Visitenkarten, Brosch\u00fcren & Plakate \u2013 Konzept, Layout und druckfertige Daten. Klare Designs in Ihrem Branding. Schnelle Umsetzung & faire Preise.\",\"breadcrumb\":{\"@id\":\"https:\/\/webimagine.at\/druck-grafikdesign-fuer-kmu-in-oesterreich-webimagine\/#breadcrumb\"},\"inLanguage\":\"en-GB\",\"potentialAction\":[{\"@type\":\"ReadAction\",\"target\":[\"https:\/\/webimagine.at\/druck-grafikdesign-fuer-kmu-in-oesterreich-webimagine\/\"]}]},{\"@type\":\"BreadcrumbList\",\"@id\":\"https:\/\/webimagine.at\/druck-grafikdesign-fuer-kmu-in-oesterreich-webimagine\/#breadcrumb\",\"itemListElement\":[{\"@type\":\"ListItem\",\"position\":1,\"name\":\"Kezd\u0151lap\",\"item\":\"https:\/\/webimagine.at\/\"},{\"@type\":\"ListItem\",\"position\":2,\"name\":\"Druck, Grafikdesign\"}]},{\"@type\":\"WebSite\",\"@id\":\"https:\/\/webimagine.at\/#website\",\"url\":\"https:\/\/webimagine.at\/\",\"name\":\"Webimagine\",\"description\":\"Webdesign f\u00fcr Selbstst\u00e4ndige | Webimagine \u2013 SEO &amp; moderne Online-Pr\u00e4senz\",\"potentialAction\":[{\"@type\":\"SearchAction\",\"target\":{\"@type\":\"EntryPoint\",\"urlTemplate\":\"https:\/\/webimagine.at\/?s={search_term_string}\"},\"query-input\":{\"@type\":\"PropertyValueSpecification\",\"valueRequired\":true,\"valueName\":\"search_term_string\"}}],\"inLanguage\":\"en-GB\"}]}<\/script>\n<!-- \/ Yoast SEO plugin. -->","yoast_head_json":{"title":"Printing, graphic design \" Webimagine","description":"Flyer, Visitenkarten, Brosch\u00fcren & Plakate \u2013 Konzept, Layout und druckfertige Daten. Klare Designs in Ihrem Branding. Schnelle Umsetzung & faire Preise.","robots":{"index":"index","follow":"follow","max-snippet":"max-snippet:-1","max-image-preview":"max-image-preview:large","max-video-preview":"max-video-preview:-1"},"canonical":"https:\/\/webimagine.at\/en\/druck-grafikdesign-fuer-kmu-in-oesterreich-webimagine\/","og_locale":"en_GB","og_type":"article","og_title":"Druck, Grafikdesign &#187; Webimagine","og_description":"Flyer, Visitenkarten, Brosch\u00fcren & Plakate \u2013 Konzept, Layout und druckfertige Daten. Klare Designs in Ihrem Branding. Schnelle Umsetzung & faire Preise.","og_url":"https:\/\/webimagine.at\/en\/druck-grafikdesign-fuer-kmu-in-oesterreich-webimagine\/","og_site_name":"Webimagine","article_modified_time":"2025-08-26T17:12:05+00:00","og_image":[{"width":800,"height":600,"url":"https:\/\/webimagine.at\/wp-content\/uploads\/2024\/08\/Untitled-design-6.png","type":"image\/png"}],"twitter_card":"summary_large_image","twitter_misc":{"Estimated reading time":"1 minute"},"schema":{"@context":"https:\/\/schema.org","@graph":[{"@type":"WebPage","@id":"https:\/\/webimagine.at\/druck-grafikdesign-fuer-kmu-in-oesterreich-webimagine\/","url":"https:\/\/webimagine.at\/druck-grafikdesign-fuer-kmu-in-oesterreich-webimagine\/","name":"Printing, graphic design \" Webimagine","isPartOf":{"@id":"https:\/\/webimagine.at\/#website"},"datePublished":"2024-09-08T18:41:51+00:00","dateModified":"2025-08-26T17:12:05+00:00","description":"Flyer, Visitenkarten, Brosch\u00fcren & Plakate \u2013 Konzept, Layout und druckfertige Daten. Klare Designs in Ihrem Branding. Schnelle Umsetzung & faire Preise.","breadcrumb":{"@id":"https:\/\/webimagine.at\/druck-grafikdesign-fuer-kmu-in-oesterreich-webimagine\/#breadcrumb"},"inLanguage":"en-GB","potentialAction":[{"@type":"ReadAction","target":["https:\/\/webimagine.at\/druck-grafikdesign-fuer-kmu-in-oesterreich-webimagine\/"]}]},{"@type":"BreadcrumbList","@id":"https:\/\/webimagine.at\/druck-grafikdesign-fuer-kmu-in-oesterreich-webimagine\/#breadcrumb","itemListElement":[{"@type":"ListItem","position":1,"name":"Kezd\u0151lap","item":"https:\/\/webimagine.at\/"},{"@type":"ListItem","position":2,"name":"Druck, Grafikdesign"}]},{"@type":"WebSite","@id":"https:\/\/webimagine.at\/#website","url":"https:\/\/webimagine.at\/","name":"Webimagine","description":"Webdesign f\u00fcr Selbstst\u00e4ndige | Webimagine \u2013 SEO &amp; moderne Online-Pr\u00e4senz","potentialAction":[{"@type":"SearchAction","target":{"@type":"EntryPoint","urlTemplate":"https:\/\/webimagine.at\/?s={search_term_string}"},"query-input":{"@type":"PropertyValueSpecification","valueRequired":true,"valueName":"search_term_string"}}],"inLanguage":"en-GB"}]}},"_links":{"self":[{"href":"https:\/\/webimagine.at\/en\/wp-json\/wp\/v2\/pages\/1195","targetHints":{"allow":["GET"]}}],"collection":[{"href":"https:\/\/webimagine.at\/en\/wp-json\/wp\/v2\/pages"}],"about":[{"href":"https:\/\/webimagine.at\/en\/wp-json\/wp\/v2\/types\/page"}],"author":[{"embeddable":true,"href":"https:\/\/webimagine.at\/en\/wp-json\/wp\/v2\/users\/1"}],"replies":[{"embeddable":true,"href":"https:\/\/webimagine.at\/en\/wp-json\/wp\/v2\/comments?post=1195"}],"version-history":[{"count":25,"href":"https:\/\/webimagine.at\/en\/wp-json\/wp\/v2\/pages\/1195\/revisions"}],"predecessor-version":[{"id":2175,"href":"https:\/\/webimagine.at\/en\/wp-json\/wp\/v2\/pages\/1195\/revisions\/2175"}],"wp:attachment":[{"href":"https:\/\/webimagine.at\/en\/wp-json\/wp\/v2\/media?parent=1195"}],"curies":[{"name":"wp","href":"https:\/\/api.w.org\/{rel}","templated":true}]}}